{"id":71,"date":"2024-03-10T06:54:07","date_gmt":"2024-03-10T05:54:07","guid":{"rendered":"https:\/\/edelmichel.com\/?page_id=71"},"modified":"2024-03-30T12:34:47","modified_gmt":"2024-03-30T11:34:47","slug":"impressum","status":"publish","type":"page","link":"https:\/\/edelmichel.com\/index.php\/impressum\/","title":{"rendered":"Impressum"},"content":{"rendered":"<div class='flex_column av-yvrj-1fa458a7536734dd1c62aefc09ad9337 av_one_full  avia-builder-el-0  el_before_av_textblock  avia-builder-el-first  first flex_column_div '     ><\/div>\n<section  class='av_textblock_section av-ltl3m8j3-04f473823d62beff8dfe61c384f02a37'  itemscope=\"itemscope\" itemtype=\"https:\/\/schema.org\/CreativeWork\" ><div class='avia_textblock'  itemprop=\"text\" ><figure class=\"wp-block-image aligncenter size-full is-resized\"><\/figure>\n<p><img loading=\"lazy\" decoding=\"async\" class=\"size-full wp-image-63 aligncenter\" src=\"https:\/\/edelmichel.com\/wp-content\/uploads\/2024\/03\/edelmichel-logo-negativ.png\" alt=\"\" width=\"340\" height=\"156\" \/><\/p>\n<p style=\"text-align: center;\">Michael KISSEL<\/p>\n<p style=\"text-align: center;\">K\u00f6nigsberger Strasse 25<br \/>\nD-66806 Ensdorf\/Saar<br \/>\nDeutschland<\/p>\n<p style=\"text-align: center;\"><strong>Gesch\u00e4ftsf\u00fchrer<\/strong><br \/>\nMichael KISSEL<\/p>\n<p style=\"text-align: center;\"><strong>Kontakt<\/strong><br \/>\nMobil +49 (0) 173 998 769 9<\/p>\n<p style=\"text-align: center;\">info@edelmichel.com<\/p>\n<p style=\"text-align: center;\">Steuernummer: 010-238-14397<\/p>\n<p style=\"text-align: center;\">DE 246265228<\/p>\n<p class=\"has-text-align-center\" style=\"text-align: center;\">Inhaltlich Verantwortlicher gem\u00e4\u00df \u00a76 MDStV:\u00a0Michael KISSEL<\/p>\n<p class=\"has-text-align-center\" style=\"text-align: center;\"><strong><br \/>\nHaftungssauschluss:<\/strong><br \/>\nHiermit erkl\u00e4ren wir, dass wir nicht f\u00fcr den Inhalt fremder Seiten (\u201eLinks\u201c) verantwortlich sind. Verantwortlich f\u00fcr Inhalte fremder Seiten ist der Inhaber dieser entsprechenden Seite,<br \/>\nnicht die\u00a0 <strong>Fa. EDELMICHEL<\/strong>.<\/p>\n<p class=\"has-text-align-center\" style=\"text-align: center;\">Alle Daten dieser Website genie\u00dfen nach \u00a7 4 und \u00a7 87 a ff UrhG urheberrechtlichen<br \/>\nSchutz. Eine Bearbeitung oder Vervielf\u00e4ltigung ist nur soweit zul\u00e4ssig, wie diese f\u00fcr deren \u00fcbliche Benutzung erforderlich ist. Jede dar\u00fcber hinausgehende Verbreitung und\/oder \u00f6ffentliche Wiedergabe, insbesondere die ungenehmigte \u00dcbernahme in ein Intranet-Angebot stellt einen Urheberrechtsversto\u00df dar, der strafrechtlich verfolgt wird und zum Schadensersatz verpflichtet.<\/p>\n<p class=\"has-text-align-center\" style=\"text-align: center;\">Alle hier verwendeten Scripte und Module sind Urheberrechtlich gesch\u00fctzt!Alle auf dieser Webseite erw\u00e4hnten Warenzeichen und Markennamen\u00a0<em>geh\u00f6ren<\/em>\u00a0selbstverst\u00e4ndlich\u00a0<em>ihren jeweiligen Inhabern<\/em><br \/>\nund werden hier nur aus dokumentatorischen Gr\u00fcnden erw\u00e4hnt.<\/p>\n<p style=\"text-align: center;\"><strong><br \/>\nKonzeption und Realisation<\/strong><\/p>\n<figure class=\"wp-block-image aligncenter size-full is-resized\"><\/figure>\n<p><a href=\"http:\/\/show-taime.de\"><img loading=\"lazy\" decoding=\"async\" class=\"size-full wp-image-2318 aligncenter\" src=\"https:\/\/edelmichel.com\/wp-content\/uploads\/2024\/03\/showtime-final-100.png\" alt=\"\" width=\"100\" height=\"71\" \/><\/a><\/p>\n<\/div><\/section>\n","protected":false},"excerpt":{"rendered":"","protected":false},"author":1,"featured_media":0,"parent":0,"menu_order":0,"comment_status":"closed","ping_status":"closed","template":"","meta":{"footnotes":""},"class_list":["post-71","page","type-page","status-publish","hentry"],"aioseo_notices":[],"_links":{"self":[{"href":"https:\/\/edelmichel.com\/index.php\/wp-json\/wp\/v2\/pages\/71","targetHints":{"allow":["GET"]}}],"collection":[{"href":"https:\/\/edelmichel.com\/index.php\/wp-json\/wp\/v2\/pages"}],"about":[{"href":"https:\/\/edelmichel.com\/index.php\/wp-json\/wp\/v2\/types\/page"}],"author":[{"embeddable":true,"href":"https:\/\/edelmichel.com\/index.php\/wp-json\/wp\/v2\/users\/1"}],"replies":[{"embeddable":true,"href":"https:\/\/edelmichel.com\/index.php\/wp-json\/wp\/v2\/comments?post=71"}],"version-history":[{"count":5,"href":"https:\/\/edelmichel.com\/index.php\/wp-json\/wp\/v2\/pages\/71\/revisions"}],"predecessor-version":[{"id":2319,"href":"https:\/\/edelmichel.com\/index.php\/wp-json\/wp\/v2\/pages\/71\/revisions\/2319"}],"wp:attachment":[{"href":"https:\/\/edelmichel.com\/index.php\/wp-json\/wp\/v2\/media?parent=71"}],"curies":[{"name":"wp","href":"https:\/\/api.w.org\/{rel}","templated":true}]}}