{"id":2329,"date":"1999-05-07T19:45:09","date_gmt":"1999-05-07T19:45:09","guid":{"rendered":"https:\/\/victorthemes.com\/themes\/brixey\/?page_id=474"},"modified":"2024-05-01T11:40:53","modified_gmt":"2024-05-01T09:40:53","slug":"news","status":"publish","type":"page","link":"https:\/\/edelmichel.com\/index.php\/news\/","title":{"rendered":"News"},"content":{"rendered":"\n<style type=\"text\/css\" data-created_by=\"avia_inline_auto\" id=\"style-css-av-ltokiiv6-c347d94d8ee3ab6bc6d1f720da5f2e85\">\n#top .av-special-heading.av-ltokiiv6-c347d94d8ee3ab6bc6d1f720da5f2e85{\npadding-bottom:10px;\n}\nbody .av-special-heading.av-ltokiiv6-c347d94d8ee3ab6bc6d1f720da5f2e85 .av-special-heading-tag .heading-char{\nfont-size:25px;\n}\n.av-special-heading.av-ltokiiv6-c347d94d8ee3ab6bc6d1f720da5f2e85 .av-subheading{\nfont-size:15px;\n}\n<\/style>\n<div  class='av-special-heading av-ltokiiv6-c347d94d8ee3ab6bc6d1f720da5f2e85 av-special-heading-h3 blockquote modern-quote modern-centered  avia-builder-el-0  el_before_av_magazine  avia-builder-el-first '><div class='av-subheading av-subheading_above'><p>Die neusten Projekte f\u00fcr Sie<\/p>\n<\/div><h3 class='av-special-heading-tag'  itemprop=\"headline\"  >Fertig montiert, bis ins feinste Detail! <\/h3><div class=\"special-heading-border\"><div class=\"special-heading-inner-border\"><\/div><\/div><\/div>\n<div  id=\"avia-magazine-1\"  class='av-magazine av-ltoll1c0-70bc55c57b3f4e8eebb90d9bc6d7b1f1 av-magazine-hero-top  avia-builder-el-1  el_after_av_heading  avia-builder-el-last   avia-builder-el-1  el_after_av_heading  avia-builder-el-last ' ><div class='av-magazine-group sort_all'><div class='av-magazine-hero first '><article class='av-magazine-entry av-magazine-entry-id-2270 av-magazine-format-standard av-magazine-type-post av-magazine-entry-1 av-magazine-entry-big '  itemscope=\"itemscope\" itemtype=\"https:\/\/schema.org\/CreativeWork\" ><div class=\"av-magazine-thumbnail\"><a href='https:\/\/edelmichel.com\/index.php\/2024\/03\/14\/garderobe\/' title='Link zu: GARDEROBE' class='av-magazine-thumbnail-link'><img loading=\"lazy\" decoding=\"async\" width=\"380\" height=\"550\" src=\"https:\/\/edelmichel.com\/wp-content\/uploads\/2020\/02\/pro-06-2.jpg\" class=\"wp-image-2130 avia-img-lazy-loading-2130 attachment-gallery size-gallery wp-post-image\" alt=\"\" \/><\/a><\/div><div class=\"av-magazine-content-wrap\"><header class=\"entry-content-header\"><time class='av-magazine-time updated'  itemprop=\"datePublished\" datetime=\"2024-03-14T06:47:20+01:00\" >14. M\u00e4rz 2024<\/time><h3 class='av-magazine-title entry-title '  itemprop=\"headline\" ><a href='https:\/\/edelmichel.com\/index.php\/2024\/03\/14\/garderobe\/' title='Link zu: GARDEROBE'>GARDEROBE<\/a><\/h3><\/header><div class='av-magazine-content entry-content'  itemprop=\"text\" >\n\n\n\n<\/div><\/div><footer class=\"entry-footer\"><\/footer><\/article><\/div><div class='av-magazine-sideshow '><article class='av-magazine-entry av-magazine-entry-id-2263 av-magazine-format-standard av-magazine-type-post av-magazine-entry-2 av-magazine-entry-small '  itemscope=\"itemscope\" itemtype=\"https:\/\/schema.org\/CreativeWork\" ><div class=\"av-magazine-thumbnail\"><a href='https:\/\/edelmichel.com\/index.php\/2024\/03\/14\/auffahrrampe\/' title='Link zu: AUFFAHRRAMPE' class='av-magazine-thumbnail-link'><img loading=\"lazy\" decoding=\"async\" width=\"60\" height=\"80\" src=\"https:\/\/edelmichel.com\/wp-content\/uploads\/2024\/03\/WhatsApp-Image-2024-02-08-at-21.49.34.jpeg\" class=\"wp-image-2266 avia-img-lazy-loading-2266 attachment-thumbnail size-thumbnail wp-post-image\" alt=\"\" \/><\/a><\/div><div class=\"av-magazine-content-wrap\"><header class=\"entry-content-header\"><time class='av-magazine-time updated'  itemprop=\"datePublished\" datetime=\"2024-03-14T06:37:03+01:00\" >14. M\u00e4rz 2024<\/time><h3 class='av-magazine-title entry-title '  itemprop=\"headline\" ><a href='https:\/\/edelmichel.com\/index.php\/2024\/03\/14\/auffahrrampe\/' title='Link zu: AUFFAHRRAMPE'>AUFFAHRRAMPE<\/a><\/h3><\/header><\/div><footer class=\"entry-footer\"><\/footer><\/article><article class='av-magazine-entry av-magazine-entry-id-2249 av-magazine-format-standard av-magazine-type-post av-magazine-entry-3 av-magazine-entry-small '  itemscope=\"itemscope\" itemtype=\"https:\/\/schema.org\/CreativeWork\" ><div class=\"av-magazine-thumbnail\"><a href='https:\/\/edelmichel.com\/index.php\/2024\/03\/14\/treppen\/' title='Link zu: TREPPENGEL\u00c4NDER' class='av-magazine-thumbnail-link'><img loading=\"lazy\" decoding=\"async\" width=\"80\" height=\"80\" src=\"https:\/\/edelmichel.com\/wp-content\/uploads\/2020\/02\/kl-Edelmichel-Treppengelaender-04-2.jpg\" class=\"wp-image-2097 avia-img-lazy-loading-2097 attachment-thumbnail size-thumbnail wp-post-image\" alt=\"\" \/><\/a><\/div><div class=\"av-magazine-content-wrap\"><header class=\"entry-content-header\"><time class='av-magazine-time updated'  itemprop=\"datePublished\" datetime=\"2024-03-14T06:20:45+01:00\" >14. M\u00e4rz 2024<\/time><h3 class='av-magazine-title entry-title '  itemprop=\"headline\" ><a href='https:\/\/edelmichel.com\/index.php\/2024\/03\/14\/treppen\/' title='Link zu: TREPPENGEL\u00c4NDER'>TREPPENGEL\u00c4NDER<\/a><\/h3><\/header><\/div><footer class=\"entry-footer\"><\/footer><\/article><article class='av-magazine-entry av-magazine-entry-id-2244 av-magazine-format-standard av-magazine-type-post av-magazine-entry-4 av-magazine-entry-small '  itemscope=\"itemscope\" itemtype=\"https:\/\/schema.org\/CreativeWork\" ><div class=\"av-magazine-thumbnail\"><a href='https:\/\/edelmichel.com\/index.php\/2024\/03\/14\/gelaender-2\/' title='Link zu: GEL\u00c4NDER' class='av-magazine-thumbnail-link'><img loading=\"lazy\" decoding=\"async\" width=\"80\" height=\"45\" src=\"https:\/\/edelmichel.com\/wp-content\/uploads\/2020\/02\/Edelmichel-Gelaender-01-2-1.jpg\" class=\"wp-image-1837 avia-img-lazy-loading-1837 attachment-thumbnail size-thumbnail wp-post-image\" alt=\"\" \/><\/a><\/div><div class=\"av-magazine-content-wrap\"><header class=\"entry-content-header\"><time class='av-magazine-time updated'  itemprop=\"datePublished\" datetime=\"2024-03-14T06:05:03+01:00\" >14. M\u00e4rz 2024<\/time><h3 class='av-magazine-title entry-title '  itemprop=\"headline\" ><a href='https:\/\/edelmichel.com\/index.php\/2024\/03\/14\/gelaender-2\/' title='Link zu: GEL\u00c4NDER'>GEL\u00c4NDER<\/a><\/h3><\/header><\/div><footer class=\"entry-footer\"><\/footer><\/article><article class='av-magazine-entry av-magazine-entry-id-2191 av-magazine-format-standard av-magazine-type-post av-magazine-entry-5 av-magazine-entry-small '  itemscope=\"itemscope\" itemtype=\"https:\/\/schema.org\/CreativeWork\" ><div class=\"av-magazine-thumbnail\"><a href='https:\/\/edelmichel.com\/index.php\/2024\/03\/13\/edelstahlgelaender\/' title='Link zu: BALKONGEL\u00c4NDER' class='av-magazine-thumbnail-link'><img loading=\"lazy\" decoding=\"async\" width=\"45\" height=\"80\" src=\"https:\/\/edelmichel.com\/wp-content\/uploads\/2020\/02\/Edelmichel-Gelaender-05-2.jpg\" class=\"wp-image-2023 avia-img-lazy-loading-2023 attachment-thumbnail size-thumbnail wp-post-image\" alt=\"\" \/><\/a><\/div><div class=\"av-magazine-content-wrap\"><header class=\"entry-content-header\"><time class='av-magazine-time updated'  itemprop=\"datePublished\" datetime=\"2024-03-13T09:29:12+01:00\" >13. M\u00e4rz 2024<\/time><h3 class='av-magazine-title entry-title '  itemprop=\"headline\" ><a href='https:\/\/edelmichel.com\/index.php\/2024\/03\/13\/edelstahlgelaender\/' title='Link zu: BALKONGEL\u00c4NDER'>BALKONGEL\u00c4NDER<\/a><\/h3><\/header><\/div><footer class=\"entry-footer\"><\/footer><\/article><article class='av-magazine-entry av-magazine-entry-id-2192 av-magazine-format-standard av-magazine-type-post av-magazine-entry-6 av-magazine-entry-small '  itemscope=\"itemscope\" itemtype=\"https:\/\/schema.org\/CreativeWork\" ><div class=\"av-magazine-thumbnail\"><a href='https:\/\/edelmichel.com\/index.php\/2024\/03\/13\/stuehle-liege-bank\/' title='Link zu: ST\u00dcHLE \u2013 LIEGE &#8211; BANK' class='av-magazine-thumbnail-link'><img loading=\"lazy\" decoding=\"async\" width=\"80\" height=\"45\" src=\"https:\/\/edelmichel.com\/wp-content\/uploads\/2020\/02\/Edelmichel-Gartenliege-01-2.jpg\" class=\"wp-image-2018 avia-img-lazy-loading-2018 attachment-thumbnail size-thumbnail wp-post-image\" alt=\"\" \/><\/a><\/div><div class=\"av-magazine-content-wrap\"><header class=\"entry-content-header\"><time class='av-magazine-time updated'  itemprop=\"datePublished\" datetime=\"2024-03-13T08:01:57+01:00\" >13. M\u00e4rz 2024<\/time><h3 class='av-magazine-title entry-title '  itemprop=\"headline\" ><a href='https:\/\/edelmichel.com\/index.php\/2024\/03\/13\/stuehle-liege-bank\/' title='Link zu: ST\u00dcHLE \u2013 LIEGE &#8211; BANK'>ST\u00dcHLE \u2013 LIEGE &#8211; BANK<\/a><\/h3><\/header><\/div><footer class=\"entry-footer\"><\/footer><\/article><article class='av-magazine-entry av-magazine-entry-id-2193 av-magazine-format-standard av-magazine-type-post av-magazine-entry-7 av-magazine-entry-small '  itemscope=\"itemscope\" itemtype=\"https:\/\/schema.org\/CreativeWork\" ><div class=\"av-magazine-thumbnail\"><a href='https:\/\/edelmichel.com\/index.php\/2024\/03\/13\/tore-2\/' title='Link zu: TORE' class='av-magazine-thumbnail-link'><img loading=\"lazy\" decoding=\"async\" width=\"55\" height=\"80\" src=\"https:\/\/edelmichel.com\/wp-content\/uploads\/2020\/02\/pro-018-2.jpg\" class=\"wp-image-1966 avia-img-lazy-loading-1966 attachment-thumbnail size-thumbnail wp-post-image\" alt=\"\" \/><\/a><\/div><div class=\"av-magazine-content-wrap\"><header class=\"entry-content-header\"><time class='av-magazine-time updated'  itemprop=\"datePublished\" datetime=\"2024-03-13T07:50:05+01:00\" >13. M\u00e4rz 2024<\/time><h3 class='av-magazine-title entry-title '  itemprop=\"headline\" ><a href='https:\/\/edelmichel.com\/index.php\/2024\/03\/13\/tore-2\/' title='Link zu: TORE'>TORE<\/a><\/h3><\/header><\/div><footer class=\"entry-footer\"><\/footer><\/article><article class='av-magazine-entry av-magazine-entry-id-2195 av-magazine-format-standard av-magazine-type-post av-magazine-entry-8 av-magazine-entry-small '  itemscope=\"itemscope\" itemtype=\"https:\/\/schema.org\/CreativeWork\" ><div class=\"av-magazine-thumbnail\"><a href='https:\/\/edelmichel.com\/index.php\/2024\/03\/13\/sichtschutz-abtrennung-und-terrassenueberdachung\/' title='Link zu: SICHTSCHUTZ-ABTRENNUNG und TERASSEN\u00dcBERDACHUNG' class='av-magazine-thumbnail-link'><img loading=\"lazy\" decoding=\"async\" width=\"80\" height=\"33\" src=\"https:\/\/edelmichel.com\/wp-content\/uploads\/2020\/02\/no-01-4.jpg\" class=\"wp-image-2101 avia-img-lazy-loading-2101 attachment-thumbnail size-thumbnail wp-post-image\" alt=\"\" \/><\/a><\/div><div class=\"av-magazine-content-wrap\"><header class=\"entry-content-header\"><time class='av-magazine-time updated'  itemprop=\"datePublished\" datetime=\"2024-03-13T05:49:28+01:00\" >13. M\u00e4rz 2024<\/time><h3 class='av-magazine-title entry-title '  itemprop=\"headline\" ><a href='https:\/\/edelmichel.com\/index.php\/2024\/03\/13\/sichtschutz-abtrennung-und-terrassenueberdachung\/' title='Link zu: SICHTSCHUTZ-ABTRENNUNG und TERASSEN\u00dcBERDACHUNG'>SICHTSCHUTZ-ABTRENNUNG und TERASSEN\u00dcBERDACHUNG<\/a><\/h3><\/header><\/div><footer class=\"entry-footer\"><\/footer><\/article><article class='av-magazine-entry av-magazine-entry-id-2194 av-magazine-format-standard av-magazine-type-post av-magazine-entry-9 av-magazine-entry-small '  itemscope=\"itemscope\" itemtype=\"https:\/\/schema.org\/CreativeWork\" ><div class=\"av-magazine-thumbnail\"><a href='https:\/\/edelmichel.com\/index.php\/2024\/03\/12\/franzoesischer-balkon\/' title='Link zu: FRANZ\u00d6SISCHER BALKON' class='av-magazine-thumbnail-link'><img loading=\"lazy\" decoding=\"async\" width=\"80\" height=\"45\" src=\"https:\/\/edelmichel.com\/wp-content\/uploads\/2024\/03\/Edelmichel-Fenstergelaender-01.jpg\" class=\"wp-image-2199 avia-img-lazy-loading-2199 attachment-thumbnail size-thumbnail wp-post-image\" alt=\"\" \/><\/a><\/div><div class=\"av-magazine-content-wrap\"><header class=\"entry-content-header\"><time class='av-magazine-time updated'  itemprop=\"datePublished\" datetime=\"2024-03-12T18:50:58+01:00\" >12. M\u00e4rz 2024<\/time><h3 class='av-magazine-title entry-title '  itemprop=\"headline\" ><a href='https:\/\/edelmichel.com\/index.php\/2024\/03\/12\/franzoesischer-balkon\/' title='Link zu: FRANZ\u00d6SISCHER BALKON'>FRANZ\u00d6SISCHER BALKON<\/a><\/h3><\/header><\/div><footer class=\"entry-footer\"><\/footer><\/article><article class='av-magazine-entry av-magazine-entry-id-2196 av-magazine-format-standard av-magazine-type-post av-magazine-entry-10 av-magazine-entry-small '  itemscope=\"itemscope\" itemtype=\"https:\/\/schema.org\/CreativeWork\" ><div class=\"av-magazine-thumbnail\"><a href='https:\/\/edelmichel.com\/index.php\/2024\/03\/12\/tische\/' title='Link zu: TISCHE' class='av-magazine-thumbnail-link'><img loading=\"lazy\" decoding=\"async\" width=\"58\" height=\"80\" src=\"https:\/\/edelmichel.com\/wp-content\/uploads\/2020\/02\/T-03-3.jpg\" class=\"wp-image-2149 avia-img-lazy-loading-2149 attachment-thumbnail size-thumbnail wp-post-image\" alt=\"\" \/><\/a><\/div><div class=\"av-magazine-content-wrap\"><header class=\"entry-content-header\"><time class='av-magazine-time updated'  itemprop=\"datePublished\" datetime=\"2024-03-12T18:45:24+01:00\" >12. M\u00e4rz 2024<\/time><h3 class='av-magazine-title entry-title '  itemprop=\"headline\" ><a href='https:\/\/edelmichel.com\/index.php\/2024\/03\/12\/tische\/' title='Link zu: TISCHE'>TISCHE<\/a><\/h3><\/header><\/div><footer class=\"entry-footer\"><\/footer><\/article><article class='av-magazine-entry av-magazine-entry-id-1272 av-magazine-format-standard av-magazine-type-post av-magazine-entry-11 av-magazine-entry-small '  itemscope=\"itemscope\" itemtype=\"https:\/\/schema.org\/CreativeWork\" ><div class=\"av-magazine-thumbnail\"><a href='https:\/\/edelmichel.com\/index.php\/2024\/03\/12\/wasserbecken\/' title='Link zu: WASSERBECKEN' class='av-magazine-thumbnail-link'><img loading=\"lazy\" decoding=\"async\" width=\"80\" height=\"80\" src=\"https:\/\/edelmichel.com\/wp-content\/uploads\/2020\/02\/kl-Edelmichel-wasserbecken-01-2.jpg\" class=\"wp-image-2098 avia-img-lazy-loading-2098 attachment-thumbnail size-thumbnail wp-post-image\" alt=\"\" \/><\/a><\/div><div class=\"av-magazine-content-wrap\"><header class=\"entry-content-header\"><time class='av-magazine-time updated'  itemprop=\"datePublished\" datetime=\"2024-03-12T10:43:49+01:00\" >12. M\u00e4rz 2024<\/time><h3 class='av-magazine-title entry-title '  itemprop=\"headline\" ><a href='https:\/\/edelmichel.com\/index.php\/2024\/03\/12\/wasserbecken\/' title='Link zu: WASSERBECKEN'>WASSERBECKEN<\/a><\/h3><\/header><\/div><footer class=\"entry-footer\"><\/footer><\/article><article class='av-magazine-entry av-magazine-entry-id-1771 av-magazine-format-standard av-magazine-type-post av-magazine-entry-12 av-magazine-entry-small '  itemscope=\"itemscope\" itemtype=\"https:\/\/schema.org\/CreativeWork\" ><div class=\"av-magazine-thumbnail\"><a href='https:\/\/edelmichel.com\/index.php\/2020\/03\/04\/fenster-einbruchsicherung\/' title='Link zu: FENSTER EINBRUCHSICHERUNG' class='av-magazine-thumbnail-link'><img loading=\"lazy\" decoding=\"async\" width=\"55\" height=\"80\" src=\"https:\/\/edelmichel.com\/wp-content\/uploads\/2020\/03\/pro-02-1.jpg\" class=\"wp-image-2185 avia-img-lazy-loading-2185 attachment-thumbnail size-thumbnail wp-post-image\" alt=\"\" \/><\/a><\/div><div class=\"av-magazine-content-wrap\"><header class=\"entry-content-header\"><time class='av-magazine-time updated'  itemprop=\"datePublished\" datetime=\"2020-03-04T12:12:15+01:00\" >4. M\u00e4rz 2020<\/time><h3 class='av-magazine-title entry-title '  itemprop=\"headline\" ><a href='https:\/\/edelmichel.com\/index.php\/2020\/03\/04\/fenster-einbruchsicherung\/' title='Link zu: FENSTER EINBRUCHSICHERUNG'>FENSTER EINBRUCHSICHERUNG<\/a><\/h3><\/header><\/div><footer class=\"entry-footer\"><\/footer><\/article><article class='av-magazine-entry av-magazine-entry-id-1209 av-magazine-format-standard av-magazine-type-post av-magazine-entry-13 av-magazine-entry-small '  itemscope=\"itemscope\" itemtype=\"https:\/\/schema.org\/CreativeWork\" ><div class=\"av-magazine-thumbnail\"><a href='https:\/\/edelmichel.com\/index.php\/2020\/02\/15\/aussendusche\/' title='Link zu: AUSSENDUSCHE' class='av-magazine-thumbnail-link'><img loading=\"lazy\" decoding=\"async\" width=\"45\" height=\"80\" src=\"https:\/\/edelmichel.com\/wp-content\/uploads\/2020\/02\/Edelmichel-Gartendusche-01-2.jpg\" class=\"wp-image-2274 avia-img-lazy-loading-2274 attachment-thumbnail size-thumbnail wp-post-image\" alt=\"\" \/><\/a><\/div><div class=\"av-magazine-content-wrap\"><header class=\"entry-content-header\"><time class='av-magazine-time updated'  itemprop=\"datePublished\" datetime=\"2020-02-15T07:38:02+01:00\" >15. Februar 2020<\/time><h3 class='av-magazine-title entry-title '  itemprop=\"headline\" ><a href='https:\/\/edelmichel.com\/index.php\/2020\/02\/15\/aussendusche\/' title='Link zu: AUSSENDUSCHE'>AUSSENDUSCHE<\/a><\/h3><\/header><\/div><footer class=\"entry-footer\"><\/footer><\/article><\/div><\/div><\/div>\n","protected":false},"excerpt":{"rendered":"<p>EDELMICHEL, F\u00fcr perfekt bearbeitete Platten, Rund- und Vierkantrohre aus Edelstahl sind Sie bei uns an der richtigen Adresse. Wir bieten eine Auswahl verschiedener Edelstahlsorten und daher nahezu alle Kundenw\u00fcnsche erf\u00fcllen<\/p>\n<p>Wir legen gr\u00f6\u00dften Wert auf hohe Qualit\u00e4tsstandards und verarbeiten nur hochwertige Materialien.<\/p>\n","protected":false},"author":1,"featured_media":0,"parent":0,"menu_order":0,"comment_status":"closed","ping_status":"closed","template":"","meta":{"footnotes":""},"class_list":["post-2329","page","type-page","status-publish","hentry"],"aioseo_notices":[],"_links":{"self":[{"href":"https:\/\/edelmichel.com\/index.php\/wp-json\/wp\/v2\/pages\/2329","targetHints":{"allow":["GET"]}}],"collection":[{"href":"https:\/\/edelmichel.com\/index.php\/wp-json\/wp\/v2\/pages"}],"about":[{"href":"https:\/\/edelmichel.com\/index.php\/wp-json\/wp\/v2\/types\/page"}],"author":[{"embeddable":true,"href":"https:\/\/edelmichel.com\/index.php\/wp-json\/wp\/v2\/users\/1"}],"replies":[{"embeddable":true,"href":"https:\/\/edelmichel.com\/index.php\/wp-json\/wp\/v2\/comments?post=2329"}],"version-history":[{"count":1,"href":"https:\/\/edelmichel.com\/index.php\/wp-json\/wp\/v2\/pages\/2329\/revisions"}],"predecessor-version":[{"id":2330,"href":"https:\/\/edelmichel.com\/index.php\/wp-json\/wp\/v2\/pages\/2329\/revisions\/2330"}],"wp:attachment":[{"href":"https:\/\/edelmichel.com\/index.php\/wp-json\/wp\/v2\/media?parent=2329"}],"curies":[{"name":"wp","href":"https:\/\/api.w.org\/{rel}","templated":true}]}}